{"id":566,"date":"2016-11-06T08:04:24","date_gmt":"2016-11-06T07:04:24","guid":{"rendered":"http:\/\/stany.pl\/pl\/?page_id=566"},"modified":"2025-09-26T15:43:51","modified_gmt":"2025-09-26T13:43:51","slug":"high-school-plus-f-1","status":"publish","type":"page","link":"https:\/\/stany.pl\/pl\/szkola-srednia-w-usa\/high-school-plus-f-1.html","title":{"rendered":"High School PLUS (F-1)"},"content":{"rendered":"<h1>HIGH SCHOOL PLUS<\/h1>\n<h2><strong>SZCZEG\u00d3\u0141Y OFERTY NA ROK SZKOLNY 2026\/2027 JU\u017b WKR\u00d3TCE!<\/strong><\/h2>\n<p>Program High School PLUS to presti\u017cowy program edukacyjny organizowany przy wsp\u00f3\u0142pracy z ameryka\u0144sk\u0105 fundacj\u0105 CIEE. Skierowany jest do uczni\u00f3w w wieku ok 15 &#8211; 19 lat chc\u0105cych chodzi\u0107 do wybranej przez siebie szko\u0142y \u015bredniej w USA. Razem z CIEE wsp\u00f3\u0142pracujemy z ponad 100 prywatnymi i publicznymi szko\u0142ami na terenie USA- od Kalifornii po Nowy Jork.<\/p>\n<p>High School Plus oferuje nie tylko bardzo wysoki standard nauczania, ale daje te\u017c ogromne mo\u017cliwo\u015bci tym, kt\u00f3rzy chc\u0105 kontynuowa\u0107 nauk\u0119 w USA. Poprzez szeroki wachlarz przedmiot\u00f3w oraz zaj\u0119\u0107 pozalekcyjnych Uczniowie maj\u0105 szans\u0119 na rozwijanie swoich zdolno\u015bci i talent\u00f3w (np sportowych). Nasi klienci wiedz\u0105, \u017ce przy aplikowaniu do najlepszych uniwersytet\u00f3w na ca\u0142ym \u015bwiecie takie umiej\u0119tno\u015bci na pewno oka\u017c\u0105 si\u0119 przydatne.<\/p>\n<p>Wyjazd na program High School PLUS odbywa si\u0119 na wizie studenckiej F-1, kt\u00f3ra daje mo\u017cliwo\u015bci wielokrotnego uczestnictwa w \u00a0programie, a co za tym idzie kilkuletnie ucz\u0119szczanie do szko\u0142y.<\/p>\n<p><a href=\"https:\/\/www.ciee.org\/highschoolplus\/partner-schools\/\" target=\"_blank\" rel=\"noopener noreferrer\"><span style=\"text-decoration: underline;\">Szko\u0142y \u015brednie, z kt\u00f3rymi wsp\u00f3\u0142pracuje CIEE <\/span><\/a>daj\u0105 przer\u00f3\u017cne mo\u017cliwo\u015b\u0107 \u2013 od koncentracji na konkretnej dziedzinie przez otrzymania High School Diploma (odpowiednik polskiej matury). W dalszej perspektywie u\u0142atwiaj\u0105 tak\u017ce aplikowania na ameryka\u0144skie uniwersytety.<\/p>\n<p>Wybieraj\u0105c program High School PLUS nale\u017cy mie\u0107 \u015bwiadomo\u015b\u0107, \u017ce koszty programu s\u0105 du\u017co wi\u0119ksze, zaczynaj\u0105 si\u0119 od ok 19,000 USD za rok. Koszt jest oczywi\u015bcie zale\u017cny od wybranej szko\u0142y i uwzgl\u0119dnia ubezpieczenie, czesne za szko\u0142\u0119 i wszystkie op\u0142aty administracyjne. Op\u0142aty zawieraj\u0105 r\u00f3wnie\u017c koszt zakwaterowania i wy\u017cywienia. W zale\u017cno\u015bci od szko\u0142y Uczniowie sp\u0119dz\u0105 rok z ameryka\u0144sk\u0105 rodzin\u0105 goszcz\u0105c\u0105 lub w internacie je\u015bli zdecyduj\u0105 si\u0119 na Boarding School.<\/p>\n<p>W przypadku wyboru nauki w ramach programu High School PLUS uczestnik wybiera sobie 3 szko\u0142y, do kt\u00f3rych chcia\u0142by aplikowa\u0107. Nale\u017cy zapozna\u0107 si\u0119 z profilami szk\u00f3\u0142, z kt\u00f3rymi wsp\u00f3\u0142pracuje CIEE, mo\u017cna skorzysta\u0107 z filtra, kt\u00f3re u\u0142atwi selekcj\u0119. <a href=\"https:\/\/www.ciee.org\/highschoolplus\/partner-schools\/\" target=\"_blank\" rel=\"noopener noreferrer\">LISTA SZK\u00d3\u0141<\/a>. \u00a0<strong>Po dokonaniu rozeznania prosz\u0119 si\u0119 do nas zg\u0142osi\u0107 w celu otrzymania szczeg\u00f3\u0142owej wyceny.<\/strong><\/p>\n<p>Je\u015bli masz ju\u017c wybran\u0105 szko\u0142\u0119 to pomo\u017cemy Ci w ca\u0142ym procesie aplikacyjnym. Je\u015bli nie, to na podstawie Twoich preferencji, cel\u00f3w i mo\u017cliwo\u015bci, po wype\u0142nieniu wst\u0119pnej aplikacji, wraz z CIEE, pomo\u017cemy wybra\u0107 odpowiedni\u0105 szko\u0142\u0119. Dzi\u0119ki temu programowi Uczestnik aplikuje do konkretnych szk\u00f3\u0142 przez co sam tak\u017ce decyduje o tym gdzie jedzie i gdzie b\u0119dzie mieszka\u0142.<\/p>\n<h2>Zalety Programu High School Plus<\/h2>\n<ul>\n<li>mo\u017cliwo\u015b\u0107 <a href=\"https:\/\/www.ciee.org\/highschoolplus\/partner-schools\/\" target=\"_blank\" rel=\"noopener noreferrer\">wskazania szko\u0142y<\/a>, lokalizacji oraz innych kryteri\u00f3w, kt\u00f3re powinny by\u0107 wzi\u0119te pod uwag\u0119 przy wyborze szko\u0142y (konkretne przedmioty, sport, j\u0119zyki, gwarancja dyplomu uko\u0144czenia szko\u0142y, system IB itp)<\/li>\n<li>pobyt w starannie wyselekcjonowanej rodzinie goszcz\u0105cej lub wskazanie rodziny, u kt\u00f3rej chcia\u0142oby si\u0119 mieszka\u0107 (np rodzina)<\/li>\n<li>mo\u017cliwo\u015b\u0107 wielokrotnego skorzystania z programu dzi\u0119ki wizie F-1<\/li>\n<li>elastyczno\u015b\u0107 trwania programu<\/li>\n<li>sta\u0142y nadz\u00f3r i wsparcie dla Uczestnik\u00f3w w postaci Lokalnego Koordynatora<\/li>\n<li>wysoki standard nauczania<\/li>\n<li>mo\u017cliwo\u015b\u0107 uko\u0144czenia szko\u0142y \u015bredniej z dyplomem i zdania ameryka\u0144skiej matury<\/li>\n<\/ul>\n<h2>Ameryka\u0144ski system edukacji<\/h2>\n<p>Nauka w szkole \u015bredniej w USA znacznie r\u00f3\u017cni si\u0119 od nauki w Polsce. Nauczyciele s\u0105 bardziej otwarci, pomocni, staj\u0105 si\u0119 niemal\u017ce \u201e przyjaci\u00f3\u0142mi\u201d, kt\u00f3rzy na pewno doceni\u0105 wk\u0142ad i zainteresowanie Ucznia przedmiotem oraz wysi\u0142ek w\u0142o\u017cony w opanowanie wiedzy. Program nauczania obejmuje mniej teorii na rzecz praktycznych umiej\u0119tno\u015bci i samodzielnego my\u015blenia. Na pewno r\u00f3\u017cnice b\u0119d\u0105 odczuwalne!<\/p>\n<ul>\n<li>Ucze\u0144 sam komponuje sw\u00f3j plan lekcji ( obowi\u0105zkowe s\u0105 do wyboru min. 4 przedmioty, w tym j. angielski oraz historia Stan\u00f3w Zjednoczonych)<\/li>\n<li>System koncentruje si\u0119\u00a0 a wychwytywaniu talent\u00f3w i skupia si\u0119 na rozwijaniu indywidualnych zdolno\u015bci ka\u017cdego Ucznia.<\/li>\n<li>W szkole w USA mo\u017cna uczy\u0107 bezstresowo a przy tym realizowa\u0107 swoje pasje<\/li>\n<li>szko\u0142y w USA oferuj\u0105 mn\u00f3stwo interesuj\u0105cych przedmiot\u00f3w o r\u00f3\u017cnych stopniach zaawansowania, np. retoryka, reklama, zarz\u0105dzanie, teatrologia itp.<\/li>\n<li>Nauczyciele bardzo dbaj\u0105 o zapewnienie ciekawych zaj\u0119\u0107 pozalekcyjnych, kt\u00f3re integruj\u0105 szkoln\u0105 spo\u0142eczno\u015b\u0107<\/li>\n<li>Szko\u0142y organizuj\u0105 wiele atrakcji, w kt\u00f3re z \u0142atwo\u015bci\u0105 mo\u017cna si\u0119 w\u0142\u0105czy\u0107, np. pisanie artyku\u0142\u00f3w do gazetki, tworzenie audycji radiowych lub wyst\u0119powanie w teatrze \u2013 wszystko zale\u017cy od Was!<\/li>\n<\/ul>\n<p><img loading=\"lazy\" decoding=\"async\" class=\"alignnone wp-image-1647\" src=\"http:\/\/stany.pl\/pl\/wp-content\/uploads\/2016\/11\/football.highschool-1024x682.jpg\" alt=\"high school plus\" width=\"756\" height=\"503\" srcset=\"https:\/\/stany.pl\/pl\/wp-content\/uploads\/2016\/11\/football.highschool-1024x682.jpg 1024w, https:\/\/stany.pl\/pl\/wp-content\/uploads\/2016\/11\/football.highschool-300x200.jpg 300w, https:\/\/stany.pl\/pl\/wp-content\/uploads\/2016\/11\/football.highschool-768x512.jpg 768w, https:\/\/stany.pl\/pl\/wp-content\/uploads\/2016\/11\/football.highschool.jpg 1280w\" sizes=\"(max-width: 756px) 100vw, 756px\" \/><\/p>\n<h2>Rodzaje szk\u00f3\u0142 USA<\/h2>\n<p><strong>PRIVATE SCHOOLS<\/strong> \u2013 s\u0105 to prywatne szko\u0142y, kt\u00f3re daj\u0105 mo\u017cliwo\u015bci uzyskania High School Diploma. Uczniowie, kt\u00f3rzy wybior\u0105 te typy szk\u00f3\u0142 b\u0119d\u0105 mieszka\u0107 u ameryka\u0144skich rodzin goszcz\u0105cych. Szko\u0142y prywatne w USA s\u0105 te\u017c bardzo cz\u0119sto wyznaniowe.<\/p>\n<p><strong>BOARDING SCHOOLS<\/strong> \u2013 to prywatne szko\u0142y z internatem, charakteryzuj\u0105 si\u0119 wysokim poziomem nauczania, szerokim wyborem zaj\u0119\u0107 pozalekcyjnych i profesjonalnej kadry nauczycielskiej. Wszystko to sprzyja rozwojowi osobowo\u015bci i zainteresowa\u0144 Uczni\u00f3w a tak\u017ce przygotowania ich do podj\u0119cia nauki na ameryka\u0144skich uniwersytetach<\/p>\n<p><strong>PUBLIC SCHOOLS<\/strong> \u2013 szko\u0142y publiczne oferuj\u0105 ni\u017csze ceny ni\u017c prywatne, daj\u0105 mo\u017cliwo\u015b\u0107 uzyskania High School Diploma i mieszkania w lub na obrze\u017cach du\u017cych, wybranych przez siebie atrakcyjnych miast jak np. Miami, Los Angeles, itp<\/p>\n","protected":false},"excerpt":{"rendered":"<p>HIGH SCHOOL PLUS SZCZEG\u00d3\u0141Y OFERTY NA ROK SZKOLNY 2026\/2027 JU\u017b WKR\u00d3TCE! Program High School PLUS to presti\u017cowy program edukacyjny organizowany przy wsp\u00f3\u0142pracy z ameryka\u0144sk\u0105 fundacj\u0105 CIEE. [&hellip;]<\/p>\n","protected":false},"author":2,"featured_media":324,"parent":9,"menu_order":0,"comment_status":"closed","ping_status":"closed","template":"","meta":{"om_disable_all_campaigns":false,"wpupg_custom_link":[],"wpupg_custom_link_behaviour":["default"],"wpupg_custom_image":[],"wpupg_custom_image_id":[],"_monsterinsights_skip_tracking":false,"_monsterinsights_sitenote_active":false,"_monsterinsights_sitenote_note":"","_monsterinsights_sitenote_category":0,"footnotes":""},"yoast_head":"<!-- This site is optimized with the Yoast SEO plugin v21.9.1 - https:\/\/yoast.com\/wordpress\/plugins\/seo\/ -->\n<title>High School PLUS to presti\u017cowy rok szkolny w USA | BTC - stany.pl<\/title>\n<meta name=\"description\" content=\"High School PLUS jest skierowany do uczni\u00f3w (lat 15-19), kt\u00f3rzy maj\u0105 konkretne wymagania i cele do osi\u0105gni\u0119cia na roku szkolnym w USA. Poznaj szczeg\u00f3\u0142y.\" \/>\n<meta name=\"robots\" content=\"index, follow, max-snippet:-1, max-image-preview:large, max-video-preview:-1\" \/>\n<link rel=\"canonical\" href=\"https:\/\/stany.pl\/pl\/szkola-srednia-w-usa\/high-school-plus-f-1.html\" \/>\n<meta property=\"og:locale\" content=\"pl_PL\" \/>\n<meta property=\"og:type\" content=\"article\" \/>\n<meta property=\"og:title\" content=\"High School PLUS to presti\u017cowy rok szkolny w USA | BTC - stany.pl\" \/>\n<meta property=\"og:description\" content=\"High School PLUS jest skierowany do uczni\u00f3w (lat 15-19), kt\u00f3rzy maj\u0105 konkretne wymagania i cele do osi\u0105gni\u0119cia na roku szkolnym w USA. Poznaj szczeg\u00f3\u0142y.\" \/>\n<meta property=\"og:url\" content=\"https:\/\/stany.pl\/pl\/szkola-srednia-w-usa\/high-school-plus-f-1.html\" \/>\n<meta property=\"og:site_name\" content=\"BTC - stany.pl\" \/>\n<meta property=\"article:publisher\" content=\"https:\/\/www.facebook.com\/StanyPl\/\" \/>\n<meta property=\"article:modified_time\" content=\"2025-09-26T13:43:51+00:00\" \/>\n<meta property=\"og:image\" content=\"https:\/\/stany.pl\/pl\/wp-content\/uploads\/2016\/10\/gra-siatkowka-do-camp-counselor-e1477594466391.jpg\" \/>\n\t<meta property=\"og:image:width\" content=\"600\" \/>\n\t<meta property=\"og:image:height\" content=\"366\" \/>\n\t<meta property=\"og:image:type\" content=\"image\/jpeg\" \/>\n<meta name=\"twitter:card\" content=\"summary_large_image\" \/>\n<meta name=\"twitter:label1\" content=\"Szacowany czas czytania\" \/>\n\t<meta name=\"twitter:data1\" content=\"5 minut\" \/>\n<script type=\"application\/ld+json\" class=\"yoast-schema-graph\">{\"@context\":\"https:\/\/schema.org\",\"@graph\":[{\"@type\":\"WebPage\",\"@id\":\"https:\/\/stany.pl\/pl\/szkola-srednia-w-usa\/high-school-plus-f-1.html\",\"url\":\"https:\/\/stany.pl\/pl\/szkola-srednia-w-usa\/high-school-plus-f-1.html\",\"name\":\"High School PLUS to presti\u017cowy rok szkolny w USA | BTC - stany.pl\",\"isPartOf\":{\"@id\":\"https:\/\/stany.pl\/pl\/#website\"},\"datePublished\":\"2016-11-06T07:04:24+00:00\",\"dateModified\":\"2025-09-26T13:43:51+00:00\",\"description\":\"High School PLUS jest skierowany do uczni\u00f3w (lat 15-19), kt\u00f3rzy maj\u0105 konkretne wymagania i cele do osi\u0105gni\u0119cia na roku szkolnym w USA. Poznaj szczeg\u00f3\u0142y.\",\"breadcrumb\":{\"@id\":\"https:\/\/stany.pl\/pl\/szkola-srednia-w-usa\/high-school-plus-f-1.html#breadcrumb\"},\"inLanguage\":\"pl-PL\",\"potentialAction\":[{\"@type\":\"ReadAction\",\"target\":[\"https:\/\/stany.pl\/pl\/szkola-srednia-w-usa\/high-school-plus-f-1.html\"]}]},{\"@type\":\"BreadcrumbList\",\"@id\":\"https:\/\/stany.pl\/pl\/szkola-srednia-w-usa\/high-school-plus-f-1.html#breadcrumb\",\"itemListElement\":[{\"@type\":\"ListItem\",\"position\":1,\"name\":\"Strona g\u0142\u00f3wna\",\"item\":\"https:\/\/stany.pl\/pl\/\"},{\"@type\":\"ListItem\",\"position\":2,\"name\":\"High School\",\"item\":\"https:\/\/stany.pl\/pl\/szkola-srednia-w-usa.html\"},{\"@type\":\"ListItem\",\"position\":3,\"name\":\"High School PLUS (F-1)\"}]},{\"@type\":\"WebSite\",\"@id\":\"https:\/\/stany.pl\/pl\/#website\",\"url\":\"https:\/\/stany.pl\/pl\/\",\"name\":\"BTC - stany.pl\",\"description\":\"Work and Travel USA, High School USA, Educational Programs\",\"publisher\":{\"@id\":\"https:\/\/stany.pl\/pl\/#organization\"},\"alternateName\":\"work and travel\",\"potentialAction\":[{\"@type\":\"SearchAction\",\"target\":{\"@type\":\"EntryPoint\",\"urlTemplate\":\"https:\/\/stany.pl\/pl\/?s={search_term_string}\"},\"query-input\":\"required name=search_term_string\"}],\"inLanguage\":\"pl-PL\"},{\"@type\":\"Organization\",\"@id\":\"https:\/\/stany.pl\/pl\/#organization\",\"name\":\"BTC Work and Travel\",\"url\":\"https:\/\/stany.pl\/pl\/\",\"logo\":{\"@type\":\"ImageObject\",\"inLanguage\":\"pl-PL\",\"@id\":\"https:\/\/stany.pl\/pl\/#\/schema\/logo\/image\/\",\"url\":\"https:\/\/stany.pl\/pl\/wp-content\/uploads\/2023\/08\/work-and-travel.png\",\"contentUrl\":\"https:\/\/stany.pl\/pl\/wp-content\/uploads\/2023\/08\/work-and-travel.png\",\"width\":225,\"height\":225,\"caption\":\"BTC Work and Travel\"},\"image\":{\"@id\":\"https:\/\/stany.pl\/pl\/#\/schema\/logo\/image\/\"},\"sameAs\":[\"https:\/\/www.facebook.com\/StanyPl\/\",\"https:\/\/www.instagram.com\/stany_pl\/\"]}]}<\/script>\n<!-- \/ Yoast SEO plugin. -->","yoast_head_json":{"title":"High School PLUS to presti\u017cowy rok szkolny w USA | BTC - stany.pl","description":"High School PLUS jest skierowany do uczni\u00f3w (lat 15-19), kt\u00f3rzy maj\u0105 konkretne wymagania i cele do osi\u0105gni\u0119cia na roku szkolnym w USA. Poznaj szczeg\u00f3\u0142y.","robots":{"index":"index","follow":"follow","max-snippet":"max-snippet:-1","max-image-preview":"max-image-preview:large","max-video-preview":"max-video-preview:-1"},"canonical":"https:\/\/stany.pl\/pl\/szkola-srednia-w-usa\/high-school-plus-f-1.html","og_locale":"pl_PL","og_type":"article","og_title":"High School PLUS to presti\u017cowy rok szkolny w USA | BTC - stany.pl","og_description":"High School PLUS jest skierowany do uczni\u00f3w (lat 15-19), kt\u00f3rzy maj\u0105 konkretne wymagania i cele do osi\u0105gni\u0119cia na roku szkolnym w USA. Poznaj szczeg\u00f3\u0142y.","og_url":"https:\/\/stany.pl\/pl\/szkola-srednia-w-usa\/high-school-plus-f-1.html","og_site_name":"BTC - stany.pl","article_publisher":"https:\/\/www.facebook.com\/StanyPl\/","article_modified_time":"2025-09-26T13:43:51+00:00","og_image":[{"width":600,"height":366,"url":"https:\/\/stany.pl\/pl\/wp-content\/uploads\/2016\/10\/gra-siatkowka-do-camp-counselor-e1477594466391.jpg","type":"image\/jpeg"}],"twitter_card":"summary_large_image","twitter_misc":{"Szacowany czas czytania":"5 minut"},"schema":{"@context":"https:\/\/schema.org","@graph":[{"@type":"WebPage","@id":"https:\/\/stany.pl\/pl\/szkola-srednia-w-usa\/high-school-plus-f-1.html","url":"https:\/\/stany.pl\/pl\/szkola-srednia-w-usa\/high-school-plus-f-1.html","name":"High School PLUS to presti\u017cowy rok szkolny w USA | BTC - stany.pl","isPartOf":{"@id":"https:\/\/stany.pl\/pl\/#website"},"datePublished":"2016-11-06T07:04:24+00:00","dateModified":"2025-09-26T13:43:51+00:00","description":"High School PLUS jest skierowany do uczni\u00f3w (lat 15-19), kt\u00f3rzy maj\u0105 konkretne wymagania i cele do osi\u0105gni\u0119cia na roku szkolnym w USA. Poznaj szczeg\u00f3\u0142y.","breadcrumb":{"@id":"https:\/\/stany.pl\/pl\/szkola-srednia-w-usa\/high-school-plus-f-1.html#breadcrumb"},"inLanguage":"pl-PL","potentialAction":[{"@type":"ReadAction","target":["https:\/\/stany.pl\/pl\/szkola-srednia-w-usa\/high-school-plus-f-1.html"]}]},{"@type":"BreadcrumbList","@id":"https:\/\/stany.pl\/pl\/szkola-srednia-w-usa\/high-school-plus-f-1.html#breadcrumb","itemListElement":[{"@type":"ListItem","position":1,"name":"Strona g\u0142\u00f3wna","item":"https:\/\/stany.pl\/pl\/"},{"@type":"ListItem","position":2,"name":"High School","item":"https:\/\/stany.pl\/pl\/szkola-srednia-w-usa.html"},{"@type":"ListItem","position":3,"name":"High School PLUS (F-1)"}]},{"@type":"WebSite","@id":"https:\/\/stany.pl\/pl\/#website","url":"https:\/\/stany.pl\/pl\/","name":"BTC - stany.pl","description":"Work and Travel USA, High School USA, Educational Programs","publisher":{"@id":"https:\/\/stany.pl\/pl\/#organization"},"alternateName":"work and travel","potentialAction":[{"@type":"SearchAction","target":{"@type":"EntryPoint","urlTemplate":"https:\/\/stany.pl\/pl\/?s={search_term_string}"},"query-input":"required name=search_term_string"}],"inLanguage":"pl-PL"},{"@type":"Organization","@id":"https:\/\/stany.pl\/pl\/#organization","name":"BTC Work and Travel","url":"https:\/\/stany.pl\/pl\/","logo":{"@type":"ImageObject","inLanguage":"pl-PL","@id":"https:\/\/stany.pl\/pl\/#\/schema\/logo\/image\/","url":"https:\/\/stany.pl\/pl\/wp-content\/uploads\/2023\/08\/work-and-travel.png","contentUrl":"https:\/\/stany.pl\/pl\/wp-content\/uploads\/2023\/08\/work-and-travel.png","width":225,"height":225,"caption":"BTC Work and Travel"},"image":{"@id":"https:\/\/stany.pl\/pl\/#\/schema\/logo\/image\/"},"sameAs":["https:\/\/www.facebook.com\/StanyPl\/","https:\/\/www.instagram.com\/stany_pl\/"]}]}},"_links":{"self":[{"href":"https:\/\/stany.pl\/pl\/wp-json\/wp\/v2\/pages\/566"}],"collection":[{"href":"https:\/\/stany.pl\/pl\/wp-json\/wp\/v2\/pages"}],"about":[{"href":"https:\/\/stany.pl\/pl\/wp-json\/wp\/v2\/types\/page"}],"author":[{"embeddable":true,"href":"https:\/\/stany.pl\/pl\/wp-json\/wp\/v2\/users\/2"}],"replies":[{"embeddable":true,"href":"https:\/\/stany.pl\/pl\/wp-json\/wp\/v2\/comments?post=566"}],"version-history":[{"count":6,"href":"https:\/\/stany.pl\/pl\/wp-json\/wp\/v2\/pages\/566\/revisions"}],"predecessor-version":[{"id":12295,"href":"https:\/\/stany.pl\/pl\/wp-json\/wp\/v2\/pages\/566\/revisions\/12295"}],"up":[{"embeddable":true,"href":"https:\/\/stany.pl\/pl\/wp-json\/wp\/v2\/pages\/9"}],"wp:featuredmedia":[{"embeddable":true,"href":"https:\/\/stany.pl\/pl\/wp-json\/wp\/v2\/media\/324"}],"wp:attachment":[{"href":"https:\/\/stany.pl\/pl\/wp-json\/wp\/v2\/media?parent=566"}],"curies":[{"name":"wp","href":"https:\/\/api.w.org\/{rel}","templated":true}]}}